{"id":19325,"date":"2019-01-21T12:25:13","date_gmt":"2019-01-21T12:25:13","guid":{"rendered":"https:\/\/wp.qualitey.com\/mobil-uygulamalar\/"},"modified":"2020-12-02T09:03:12","modified_gmt":"2020-12-02T09:03:12","slug":"mobil-uygulamalar","status":"publish","type":"page","link":"https:\/\/qualitey.com\/tr\/mobil-uygulamalar\/","title":{"rendered":"Mobil uygulamalar"},"content":{"rendered":"<div class=\"wpb-content-wrapper\"><p>[vc_row css_animation=&#8221;&#8221; row_type=&#8221;row&#8221; use_row_as_full_screen_section=&#8221;no&#8221; type=&#8221;full_width&#8221; angled_section=&#8221;no&#8221; text_align=&#8221;left&#8221; background_image_as_pattern=&#8221;without_pattern&#8221;][vc_column]\n\t\t\t<!-- START phone REVOLUTION SLIDER 6.7.40 --><p class=\"rs-p-wp-fix\"><\/p>\n\t\t\t<rs-module-wrap id=\"rev_slider_16_1_wrapper\" data-source=\"gallery\" style=\"visibility:hidden;background:transparent;padding:0;margin:0px auto;margin-top:0;margin-bottom:0;\">\n\t\t\t\t<rs-module id=\"rev_slider_16_1\" style=\"\" data-version=\"6.7.40\">\n\t\t\t\t\t<rs-slides style=\"overflow: hidden; position: absolute;\">\n\t\t\t\t\t\t<rs-slide style=\"position: absolute;\" data-key=\"rs-40\" data-title=\"Slide\" data-anim=\"ms:600;r:0;\" data-in=\"o:0;\" data-out=\"a:false;\">\n\t\t\t\t\t\t\t<img decoding=\"async\" src=\"\/\/qualitey.com\/wp-content\/plugins\/revslider\/sr6\/assets\/assets\/dummy.png\" alt=\"\" title=\"Mobil uygulamalar\" class=\"rev-slidebg tp-rs-img rs-lazyload\" data-lazyload=\"\/\/qualitey.com\/wp-content\/uploads\/2018\/12\/quality-page-cover06-04-04.png\" data-parallax=\"off\" data-no-retina>\n<!--\n\t\t\t\t\t\t\t--><rs-layer\n\t\t\t\t\t\t\t\tid=\"slider-16-slide-40-layer-27\" \n\t\t\t\t\t\t\t\tdata-type=\"text\"\n\t\t\t\t\t\t\t\tdata-rsp_ch=\"on\"\n\t\t\t\t\t\t\t\tdata-xy=\"xo:155px;yo:205px;\"\n\t\t\t\t\t\t\t\tdata-text=\"s:40;l:22;a:inherit;\"\n\t\t\t\t\t\t\t\tdata-frame_0=\"tp:600;\"\n\t\t\t\t\t\t\t\tdata-frame_1=\"tp:600;sp:800;sR:10;\"\n\t\t\t\t\t\t\t\tdata-frame_999=\"o:0;tp:600;st:w;sR:8190;\"\n\t\t\t\t\t\t\t\tstyle=\"z-index:5;font-family:'Cairo';\"\n\t\t\t\t\t\t\t>Mobil Uygulama Geli\u015ftirme \n\t\t\t\t\t\t\t<\/rs-layer><!--\n\n\t\t\t\t\t\t\t--><rs-layer\n\t\t\t\t\t\t\t\tid=\"slider-16-slide-40-layer-31\" \n\t\t\t\t\t\t\t\tdata-type=\"text\"\n\t\t\t\t\t\t\t\tdata-color=\"#f89a33\"\n\t\t\t\t\t\t\t\tdata-rsp_ch=\"on\"\n\t\t\t\t\t\t\t\tdata-xy=\"xo:158px;yo:283px;\"\n\t\t\t\t\t\t\t\tdata-text=\"s:33;l:22;a:inherit;\"\n\t\t\t\t\t\t\t\tdata-frame_0=\"tp:600;\"\n\t\t\t\t\t\t\t\tdata-frame_1=\"tp:600;st:460;sp:800;sR:460;\"\n\t\t\t\t\t\t\t\tdata-frame_999=\"o:0;tp:600;st:w;sR:7740;\"\n\t\t\t\t\t\t\t\tstyle=\"z-index:6;font-family:'Cairo';\"\n\t\t\t\t\t\t\t>M\u00fc\u015fterileriniz i\u00e7in daha h\u0131zl\u0131 eri\u015fim | \n\t\t\t\t\t\t\t<\/rs-layer><!--\n\n\t\t\t\t\t\t\t--><rs-layer\n\t\t\t\t\t\t\t\tid=\"slider-16-slide-40-layer-39\" \n\t\t\t\t\t\t\t\tclass=\"rs-pxl-1\"\n\t\t\t\t\t\t\t\tdata-type=\"image\"\n\t\t\t\t\t\t\t\tdata-rsp_ch=\"on\"\n\t\t\t\t\t\t\t\tdata-xy=\"xo:304px;yo:107px;\"\n\t\t\t\t\t\t\t\tdata-text=\"l:22;a:inherit;\"\n\t\t\t\t\t\t\t\tdata-dim=\"w:[&#039;743px&#039;,&#039;743px&#039;,&#039;743px&#039;,&#039;743px&#039;];h:[&#039;466px&#039;,&#039;466px&#039;,&#039;466px&#039;,&#039;466px&#039;];\"\n\t\t\t\t\t\t\t\tdata-frame_0=\"tp:600;\"\n\t\t\t\t\t\t\t\tdata-frame_1=\"tp:600;sR:10;\"\n\t\t\t\t\t\t\t\tdata-frame_999=\"o:0;tp:600;st:w;sR:8690;\"\n\t\t\t\t\t\t\t\tstyle=\"z-index:7;\"\n\t\t\t\t\t\t\t><img decoding=\"async\" src=\"\/\/qualitey.com\/wp-content\/plugins\/revslider\/sr6\/assets\/assets\/dummy.png\" alt=\"\" class=\"tp-rs-img rs-lazyload\" width=\"1024\" height=\"644\" data-lazyload=\"\/\/qualitey.com\/wp-content\/uploads\/2019\/02\/quality-page-cover-17-1024x644.png\" data-no-retina> \n\t\t\t\t\t\t\t<\/rs-layer><!--\n\n\t\t\t\t\t\t\t--><rs-layer\n\t\t\t\t\t\t\t\tid=\"slider-16-slide-40-layer-41\" \n\t\t\t\t\t\t\t\tdata-type=\"image\"\n\t\t\t\t\t\t\t\tdata-rsp_ch=\"on\"\n\t\t\t\t\t\t\t\tdata-xy=\"xo:291px;yo:56px;\"\n\t\t\t\t\t\t\t\tdata-text=\"l:22;a:inherit;\"\n\t\t\t\t\t\t\t\tdata-dim=\"w:[&#039;809px&#039;,&#039;809px&#039;,&#039;809px&#039;,&#039;809px&#039;];h:[&#039;508px&#039;,&#039;508px&#039;,&#039;508px&#039;,&#039;508px&#039;];\"\n\t\t\t\t\t\t\t\tdata-frame_0=\"tp:600;\"\n\t\t\t\t\t\t\t\tdata-frame_1=\"tp:600;sR:10;\"\n\t\t\t\t\t\t\t\tdata-frame_999=\"o:0;tp:600;st:w;sR:8690;\"\n\t\t\t\t\t\t\t\tstyle=\"z-index:10;\"\n\t\t\t\t\t\t\t><img decoding=\"async\" src=\"\/\/qualitey.com\/wp-content\/plugins\/revslider\/sr6\/assets\/assets\/dummy.png\" alt=\"\" class=\"tp-rs-img rs-lazyload\" width=\"1024\" height=\"644\" data-lazyload=\"\/\/qualitey.com\/wp-content\/uploads\/2019\/02\/quality-page-cover-11-1024x644.png\" data-no-retina> \n\t\t\t\t\t\t\t<\/rs-layer><!--\n\n\t\t\t\t\t\t\t--><rs-layer\n\t\t\t\t\t\t\t\tid=\"slider-16-slide-40-layer-42\" \n\t\t\t\t\t\t\t\tdata-type=\"image\"\n\t\t\t\t\t\t\t\tdata-rsp_ch=\"on\"\n\t\t\t\t\t\t\t\tdata-xy=\"xo:215px;yo:26px;\"\n\t\t\t\t\t\t\t\tdata-text=\"l:22;a:inherit;\"\n\t\t\t\t\t\t\t\tdata-dim=\"w:[&#039;917px&#039;,&#039;917px&#039;,&#039;917px&#039;,&#039;917px&#039;];h:[&#039;576px&#039;,&#039;576px&#039;,&#039;576px&#039;,&#039;576px&#039;];\"\n\t\t\t\t\t\t\t\tdata-frame_0=\"tp:600;\"\n\t\t\t\t\t\t\t\tdata-frame_1=\"tp:600;sR:10;\"\n\t\t\t\t\t\t\t\tdata-frame_999=\"o:0;tp:600;st:w;sR:8690;\"\n\t\t\t\t\t\t\t\tstyle=\"z-index:9;\"\n\t\t\t\t\t\t\t><img decoding=\"async\" src=\"\/\/qualitey.com\/wp-content\/plugins\/revslider\/sr6\/assets\/assets\/dummy.png\" alt=\"\" class=\"tp-rs-img rs-lazyload\" width=\"1024\" height=\"644\" data-lazyload=\"\/\/qualitey.com\/wp-content\/uploads\/2019\/02\/quality-page-cover-02-1024x644.png\" data-no-retina> \n\t\t\t\t\t\t\t<\/rs-layer><!--\n\n\t\t\t\t\t\t\t--><rs-layer\n\t\t\t\t\t\t\t\tid=\"slider-16-slide-40-layer-43\" \n\t\t\t\t\t\t\t\tclass=\"rs-pxl-1\"\n\t\t\t\t\t\t\t\tdata-type=\"image\"\n\t\t\t\t\t\t\t\tdata-rsp_ch=\"on\"\n\t\t\t\t\t\t\t\tdata-xy=\"xo:221px;yo:-4px;\"\n\t\t\t\t\t\t\t\tdata-text=\"l:22;a:inherit;\"\n\t\t\t\t\t\t\t\tdata-dim=\"w:[&#039;918px&#039;,&#039;918px&#039;,&#039;918px&#039;,&#039;918px&#039;];h:[&#039;576px&#039;,&#039;576px&#039;,&#039;576px&#039;,&#039;576px&#039;];\"\n\t\t\t\t\t\t\t\tdata-frame_0=\"tp:600;\"\n\t\t\t\t\t\t\t\tdata-frame_1=\"tp:600;sR:10;\"\n\t\t\t\t\t\t\t\tdata-frame_999=\"o:0;tp:600;st:w;sR:8690;\"\n\t\t\t\t\t\t\t\tstyle=\"z-index:11;\"\n\t\t\t\t\t\t\t><img decoding=\"async\" src=\"\/\/qualitey.com\/wp-content\/plugins\/revslider\/sr6\/assets\/assets\/dummy.png\" alt=\"\" class=\"tp-rs-img rs-lazyload\" width=\"1024\" height=\"644\" data-lazyload=\"\/\/qualitey.com\/wp-content\/uploads\/2019\/02\/quality-page-cover-14-1024x644.png\" data-no-retina> \n\t\t\t\t\t\t\t<\/rs-layer><!--\n\n\t\t\t\t\t\t\t--><rs-layer\n\t\t\t\t\t\t\t\tid=\"slider-16-slide-40-layer-44\" \n\t\t\t\t\t\t\t\tclass=\"rs-pxl-1\"\n\t\t\t\t\t\t\t\tdata-type=\"image\"\n\t\t\t\t\t\t\t\tdata-rsp_ch=\"on\"\n\t\t\t\t\t\t\t\tdata-xy=\"xo:320px;yo:27px;\"\n\t\t\t\t\t\t\t\tdata-text=\"l:22;a:inherit;\"\n\t\t\t\t\t\t\t\tdata-dim=\"w:[&#039;749px&#039;,&#039;749px&#039;,&#039;749px&#039;,&#039;749px&#039;];h:[&#039;470px&#039;,&#039;470px&#039;,&#039;470px&#039;,&#039;470px&#039;];\"\n\t\t\t\t\t\t\t\tdata-frame_0=\"tp:600;\"\n\t\t\t\t\t\t\t\tdata-frame_1=\"tp:600;sR:10;\"\n\t\t\t\t\t\t\t\tdata-frame_999=\"o:0;tp:600;st:w;sR:8690;\"\n\t\t\t\t\t\t\t\tstyle=\"z-index:8;\"\n\t\t\t\t\t\t\t><img decoding=\"async\" src=\"\/\/qualitey.com\/wp-content\/plugins\/revslider\/sr6\/assets\/assets\/dummy.png\" alt=\"\" class=\"tp-rs-img rs-lazyload\" width=\"1024\" height=\"645\" data-lazyload=\"\/\/qualitey.com\/wp-content\/uploads\/2019\/02\/quality-page-cover-15-1024x645.png\" data-no-retina> \n\t\t\t\t\t\t\t<\/rs-layer><!--\n\n\t\t\t\t\t\t\t--><rs-layer\n\t\t\t\t\t\t\t\tid=\"slider-16-slide-40-layer-45\" \n\t\t\t\t\t\t\t\tclass=\"rs-pxl-1\"\n\t\t\t\t\t\t\t\tdata-type=\"image\"\n\t\t\t\t\t\t\t\tdata-rsp_ch=\"on\"\n\t\t\t\t\t\t\t\tdata-xy=\"xo:259px;yo:60px;\"\n\t\t\t\t\t\t\t\tdata-text=\"l:22;a:inherit;\"\n\t\t\t\t\t\t\t\tdata-dim=\"w:[&#039;852px&#039;,&#039;852px&#039;,&#039;852px&#039;,&#039;852px&#039;];h:[&#039;535px&#039;,&#039;535px&#039;,&#039;535px&#039;,&#039;535px&#039;];\"\n\t\t\t\t\t\t\t\tdata-frame_0=\"tp:600;\"\n\t\t\t\t\t\t\t\tdata-frame_1=\"tp:600;sR:10;\"\n\t\t\t\t\t\t\t\tdata-frame_999=\"o:0;tp:600;st:w;sR:8690;\"\n\t\t\t\t\t\t\t\tstyle=\"z-index:12;\"\n\t\t\t\t\t\t\t><img decoding=\"async\" src=\"\/\/qualitey.com\/wp-content\/plugins\/revslider\/sr6\/assets\/assets\/dummy.png\" alt=\"\" class=\"tp-rs-img rs-lazyload\" width=\"1024\" height=\"644\" data-lazyload=\"\/\/qualitey.com\/wp-content\/uploads\/2019\/02\/quality-page-cover-13-1024x644.png\" data-no-retina> \n\t\t\t\t\t\t\t<\/rs-layer><!--\n\n\t\t\t\t\t\t\t--><rs-layer\n\t\t\t\t\t\t\t\tid=\"slider-16-slide-40-layer-46\" \n\t\t\t\t\t\t\t\tclass=\"rs-pxl-1\"\n\t\t\t\t\t\t\t\tdata-type=\"image\"\n\t\t\t\t\t\t\t\tdata-rsp_ch=\"on\"\n\t\t\t\t\t\t\t\tdata-xy=\"xo:150px;yo:-33px;\"\n\t\t\t\t\t\t\t\tdata-text=\"l:22;a:inherit;\"\n\t\t\t\t\t\t\t\tdata-dim=\"w:[&#039;997px&#039;,&#039;997px&#039;,&#039;997px&#039;,&#039;997px&#039;];h:[&#039;627px&#039;,&#039;627px&#039;,&#039;627px&#039;,&#039;627px&#039;];\"\n\t\t\t\t\t\t\t\tdata-frame_0=\"tp:600;\"\n\t\t\t\t\t\t\t\tdata-frame_1=\"tp:600;sR:10;\"\n\t\t\t\t\t\t\t\tdata-frame_999=\"o:0;tp:600;st:w;sR:8690;\"\n\t\t\t\t\t\t\t\tstyle=\"z-index:13;\"\n\t\t\t\t\t\t\t><img decoding=\"async\" src=\"\/\/qualitey.com\/wp-content\/plugins\/revslider\/sr6\/assets\/assets\/dummy.png\" alt=\"\" class=\"tp-rs-img rs-lazyload\" width=\"1024\" height=\"644\" data-lazyload=\"\/\/qualitey.com\/wp-content\/uploads\/2019\/02\/quality-page-cover-16-1024x644.png\" data-no-retina> \n\t\t\t\t\t\t\t<\/rs-layer><!--\n-->\t\t\t\t\t<\/rs-slide>\n\t\t\t\t\t<\/rs-slides>\n\t\t\t\t<\/rs-module>\n\t\t\t\t<script>\n\t\t\t\t\tsetREVStartSize({c: 'rev_slider_16_1',rl:[1240,1240,778,480],el:[568,568,760,720],gw:[1240,1240,778,480],gh:[568,568,760,720],type:'hero',justify:'',layout:'fullwidth',mh:\"0\"});if (window.RS_MODULES!==undefined && window.RS_MODULES.modules!==undefined && window.RS_MODULES.modules[\"revslider161\"]!==undefined) {window.RS_MODULES.modules[\"revslider161\"].once = false;window.revapi16 = undefined;if (window.RS_MODULES.checkMinimal!==undefined) window.RS_MODULES.checkMinimal()}\n\t\t\t\t<\/script>\n\t\t\t<\/rs-module-wrap>\n\t\t\t<!-- END REVOLUTION SLIDER -->\n[\/vc_column][\/vc_row][vc_row css_animation=&#8221;&#8221; row_type=&#8221;row&#8221; use_row_as_full_screen_section=&#8221;no&#8221; type=&#8221;full_width&#8221; angled_section=&#8221;no&#8221; text_align=&#8221;left&#8221; background_image=&#8221;19017&#8243; background_image_as_pattern=&#8221;without_pattern&#8221; z_index=&#8221;&#8221;][vc_column width=&#8221;1\/2&#8243;][vc_empty_space height=&#8221;200px&#8221; el_class=&#8221;empty&#8221;][vc_column_text]<\/p>\n<h3 style=\"text-align: center; line-height: 26pt;\"><span style=\"color: #ffffff;\">Mobil uygulamalar bug\u00fcn\u00fcn i\u015f d\u00fcnyas\u0131nda belirgin<\/span><\/h3>\n<h3 style=\"text-align: center; line-height: 26pt;\"><span style=\"color: #ffffff;\"> bir \u015fekilde \u00f6zellikli ve say\u0131lar\u0131 ikiye katland\u0131.<\/span><\/h3>\n<h3 style=\"text-align: center; line-height: 26pt;\"><span style=\"color: #ffffff;\">son 5 y\u0131l i\u00e7inde bug\u00fcn Internet kullan\u0131m\u0131% 70 daha<\/span><\/h3>\n<h3 style=\"text-align: center; line-height: 26pt;\"><span style=\"color: #ffffff;\"> fazla cihazlar \u00fczerinden<\/span><\/h3>\n<h3 style=\"text-align: center; line-height: 26pt;\"><span style=\"color: #ffffff;\">Mobil cihazlar B\u00f6ylece uygulaman\u0131z\u0131n varl\u0131\u011f\u0131n\u0131<\/span><\/h3>\n<h3 style=\"text-align: center; line-height: 26pt;\"><span style=\"color: #ffffff;\"> s\u00f6m\u00fcr\u00fcyor de\u011fil kayb\u0131 hayal edebilirsiniz<\/span><\/h3>\n<h3 style=\"text-align: center; line-height: 26pt;\"><span style=\"color: #ffffff;\">Kullan\u0131c\u0131lar ve uygulama ziyaret miktar\u0131<\/span><\/h3>\n<p>[\/vc_column_text][vc_empty_space height=&#8221;200px&#8221; el_class=&#8221;empty&#8221;][\/vc_column][vc_column width=&#8221;1\/2&#8243;][\/vc_column][\/vc_row][vc_row css_animation=&#8221;&#8221; row_type=&#8221;row&#8221; use_row_as_full_screen_section=&#8221;no&#8221; type=&#8221;full_width&#8221; angled_section=&#8221;no&#8221; text_align=&#8221;left&#8221; background_image_as_pattern=&#8221;without_pattern&#8221; z_index=&#8221;&#8221;][vc_column width=&#8221;1\/2&#8243;][vc_single_image image=&#8221;19270&#8243; img_size=&#8221;full&#8221; qode_css_animation=&#8221;&#8221;][\/vc_column][vc_column width=&#8221;1\/2&#8243;][vc_empty_space height=&#8221;125px&#8221; el_class=&#8221;empty&#8221;][vc_column_text]<\/p>\n<h2 style=\"text-align: center; line-height: 26pt;\"><span style=\"color: #ffffff;\">Bizimle birlikte, uygulaman\u0131z\u0131n en iyi<\/span><\/h2>\n<h2 style=\"text-align: center; line-height: 26pt;\"><span style=\"color: #ffffff;\">performans\u0131n\u0131 ve kullan\u0131labilirli\u011fini garanti ediyoruz.<\/span><\/h2>\n<h2 style=\"text-align: center; line-height: 26pt;\"><span style=\"color: #ffffff;\">Android, iOS ve gerekti\u011finde birden \u00e7ok dil I\u00e7in<\/span><\/h2>\n<p>[\/vc_column_text][vc_empty_space height=&#8221;20px&#8221;][vc_empty_space height=&#8221;50px&#8221;][vc_raw_html]JTVCcG9wdXBfdHJpZ2dlciUyMGlkJTNEJTIyMjAzMDYlMjIlMjB0YWclM0QlMjJidXR0b24lMjIlMjBjbGFzc2VzJTNEJTIybW90aW9ubiUyMiU1RE1vYmlsJTIwdXlndWxhbWElMjBwcm9ncmFtbGFtYXklQzQlQjElMjBpbmNlbGVtZSUyMGlzdGUlQzQlOUZpJTVCJTJGcG9wdXBfdHJpZ2dlciU1RA==[\/vc_raw_html][\/vc_column][\/vc_row]<\/p>\n<\/div>","protected":false},"excerpt":{"rendered":"<p>[vc_row css_animation=&#8221;&#8221; row_type=&#8221;row&#8221; use_row_as_full_screen_section=&#8221;no&#8221; type=&#8221;full_width&#8221; angled_section=&#8221;no&#8221; text_align=&#8221;left&#8221; background_image_as_pattern=&#8221;without_pattern&#8221;][vc_column][\/vc_column][\/vc_row][vc_row css_animation=&#8221;&#8221; row_type=&#8221;row&#8221; use_row_as_full_screen_section=&#8221;no&#8221; type=&#8221;full_width&#8221; angled_section=&#8221;no&#8221; text_align=&#8221;left&#8221; background_image=&#8221;19017&#8243; background_image_as_pattern=&#8221;without_pattern&#8221; z_index=&#8221;&#8221;][vc_column width=&#8221;1\/2&#8243;][vc_empty_space height=&#8221;200px&#8221; el_class=&#8221;empty&#8221;][vc_column_text] Mobil uygulamalar bug\u00fcn\u00fcn i\u015f d\u00fcnyas\u0131nda belirgin bir \u015fekilde \u00f6zellikli ve say\u0131lar\u0131 ikiye katland\u0131. son 5 y\u0131l i\u00e7inde bug\u00fcn Internet kullan\u0131m\u0131% 70 daha fazla cihazlar \u00fczerinden&#8230;<\/p>\n","protected":false},"author":1,"featured_media":0,"parent":0,"menu_order":0,"comment_status":"closed","ping_status":"closed","template":"full_width.php","meta":{"content-type":"","footnotes":""},"class_list":["post-19325","page","type-page","status-publish","hentry"],"yoast_head":"<!-- This site is optimized with the Yoast SEO Premium plugin v25.5 (Yoast SEO v27.4) - https:\/\/yoast.com\/product\/yoast-seo-premium-wordpress\/ -->\n<title>Mobil uygulamalar - Quality<\/title>\n<meta name=\"robots\" content=\"index, follow, max-snippet:-1, max-image-preview:large, max-video-preview:-1\" \/>\n<link rel=\"canonical\" href=\"https:\/\/qualitey.com\/tr\/mobil-uygulamalar\/\" \/>\n<meta property=\"og:locale\" content=\"tr_TR\" \/>\n<meta property=\"og:type\" content=\"article\" \/>\n<meta property=\"og:title\" content=\"Mobil uygulamalar\" \/>\n<meta property=\"og:description\" content=\"[vc_row css_animation=&#8221;&#8221; row_type=&#8221;row&#8221; use_row_as_full_screen_section=&#8221;no&#8221; type=&#8221;full_width&#8221; angled_section=&#8221;no&#8221; text_align=&#8221;left&#8221; background_image_as_pattern=&#8221;without_pattern&#8221;][vc_column][\/vc_column][\/vc_row][vc_row css_animation=&#8221;&#8221; row_type=&#8221;row&#8221; use_row_as_full_screen_section=&#8221;no&#8221; type=&#8221;full_width&#8221; angled_section=&#8221;no&#8221; text_align=&#8221;left&#8221; background_image=&#8221;19017&#8243; background_image_as_pattern=&#8221;without_pattern&#8221; z_index=&#8221;&#8221;][vc_column width=&#8221;1\/2&#8243;][vc_empty_space height=&#8221;200px&#8221; el_class=&#8221;empty&#8221;][vc_column_text] Mobil uygulamalar bug\u00fcn\u00fcn i\u015f d\u00fcnyas\u0131nda belirgin bir \u015fekilde \u00f6zellikli ve say\u0131lar\u0131 ikiye katland\u0131. son 5 y\u0131l i\u00e7inde bug\u00fcn Internet kullan\u0131m\u0131% 70 daha fazla cihazlar \u00fczerinden...\" \/>\n<meta property=\"og:url\" content=\"https:\/\/qualitey.com\/tr\/mobil-uygulamalar\/\" \/>\n<meta property=\"og:site_name\" content=\"Quality\" \/>\n<meta property=\"article:publisher\" content=\"https:\/\/www.facebook.com\/quality.srv\" \/>\n<meta property=\"article:modified_time\" content=\"2020-12-02T09:03:12+00:00\" \/>\n<meta name=\"twitter:card\" content=\"summary_large_image\" \/>\n<meta name=\"twitter:site\" content=\"@quality_srv\" \/>\n<meta name=\"twitter:label1\" content=\"Tahmini okuma s\u00fcresi\" \/>\n\t<meta name=\"twitter:data1\" content=\"1 dakika\" \/>\n<script type=\"application\/ld+json\" class=\"yoast-schema-graph\">{\"@context\":\"https:\\\/\\\/schema.org\",\"@graph\":[{\"@type\":\"WebPage\",\"@id\":\"https:\\\/\\\/qualitey.com\\\/tr\\\/mobil-uygulamalar\\\/\",\"url\":\"https:\\\/\\\/qualitey.com\\\/tr\\\/mobil-uygulamalar\\\/\",\"name\":\"Mobil uygulamalar - Quality\",\"isPartOf\":{\"@id\":\"https:\\\/\\\/qualitey.com\\\/tr\\\/#website\"},\"datePublished\":\"2019-01-21T12:25:13+00:00\",\"dateModified\":\"2020-12-02T09:03:12+00:00\",\"breadcrumb\":{\"@id\":\"https:\\\/\\\/qualitey.com\\\/tr\\\/mobil-uygulamalar\\\/#breadcrumb\"},\"inLanguage\":\"tr\",\"potentialAction\":[{\"@type\":\"ReadAction\",\"target\":[\"https:\\\/\\\/qualitey.com\\\/tr\\\/mobil-uygulamalar\\\/\"]}]},{\"@type\":\"BreadcrumbList\",\"@id\":\"https:\\\/\\\/qualitey.com\\\/tr\\\/mobil-uygulamalar\\\/#breadcrumb\",\"itemListElement\":[{\"@type\":\"ListItem\",\"position\":1,\"name\":\"Home\",\"item\":\"https:\\\/\\\/qualitey.com\\\/tr\\\/\"},{\"@type\":\"ListItem\",\"position\":2,\"name\":\"Mobil uygulamalar\"}]},{\"@type\":\"WebSite\",\"@id\":\"https:\\\/\\\/qualitey.com\\\/tr\\\/#website\",\"url\":\"https:\\\/\\\/qualitey.com\\\/tr\\\/\",\"name\":\"Quality\",\"description\":\"\u0643\u0648\u0627\u0644\u064a\u062a\u064a\",\"publisher\":{\"@id\":\"https:\\\/\\\/qualitey.com\\\/tr\\\/#organization\"},\"alternateName\":\"\u0643\u0648\u0627\u0644\u064a\u062a\u064a\",\"potentialAction\":[{\"@type\":\"SearchAction\",\"target\":{\"@type\":\"EntryPoint\",\"urlTemplate\":\"https:\\\/\\\/qualitey.com\\\/tr\\\/?s={search_term_string}\"},\"query-input\":{\"@type\":\"PropertyValueSpecification\",\"valueRequired\":true,\"valueName\":\"search_term_string\"}}],\"inLanguage\":\"tr\"},{\"@type\":\"Organization\",\"@id\":\"https:\\\/\\\/qualitey.com\\\/tr\\\/#organization\",\"name\":\"\u0643\u0648\u0627\u0644\u064a\u062a\u064a - Quality\",\"alternateName\":\"\u0634\u0631\u0643\u0629 \u0643\u0648\u0627\u0644\u064a\u062a\u064a - Quality Media\",\"url\":\"https:\\\/\\\/qualitey.com\\\/tr\\\/\",\"logo\":{\"@type\":\"ImageObject\",\"inLanguage\":\"tr\",\"@id\":\"https:\\\/\\\/qualitey.com\\\/tr\\\/#\\\/schema\\\/logo\\\/image\\\/\",\"url\":\"https:\\\/\\\/qualitey.com\\\/wp-content\\\/uploads\\\/logo-qualitey-2.png\",\"contentUrl\":\"https:\\\/\\\/qualitey.com\\\/wp-content\\\/uploads\\\/logo-qualitey-2.png\",\"width\":250,\"height\":80,\"caption\":\"\u0643\u0648\u0627\u0644\u064a\u062a\u064a - Quality\"},\"image\":{\"@id\":\"https:\\\/\\\/qualitey.com\\\/tr\\\/#\\\/schema\\\/logo\\\/image\\\/\"},\"sameAs\":[\"https:\\\/\\\/www.facebook.com\\\/quality.srv\",\"https:\\\/\\\/x.com\\\/quality_srv\",\"https:\\\/\\\/www.instagram.com\\\/quality.srv\\\/\",\"https:\\\/\\\/www.linkedin.com\\\/company\\\/quality.srv\",\"https:\\\/\\\/www.pinterest.ca\\\/Quality_Media\\\/\",\"https:\\\/\\\/www.youtube.com\\\/channel\\\/UCEZUVm2qSp9KyPSV8qUJbwQ\"]}]}<\/script>\n<!-- \/ Yoast SEO Premium plugin. -->","yoast_head_json":{"title":"Mobil uygulamalar - Quality","robots":{"index":"index","follow":"follow","max-snippet":"max-snippet:-1","max-image-preview":"max-image-preview:large","max-video-preview":"max-video-preview:-1"},"canonical":"https:\/\/qualitey.com\/tr\/mobil-uygulamalar\/","og_locale":"tr_TR","og_type":"article","og_title":"Mobil uygulamalar","og_description":"[vc_row css_animation=&#8221;&#8221; row_type=&#8221;row&#8221; use_row_as_full_screen_section=&#8221;no&#8221; type=&#8221;full_width&#8221; angled_section=&#8221;no&#8221; text_align=&#8221;left&#8221; background_image_as_pattern=&#8221;without_pattern&#8221;][vc_column][\/vc_column][\/vc_row][vc_row css_animation=&#8221;&#8221; row_type=&#8221;row&#8221; use_row_as_full_screen_section=&#8221;no&#8221; type=&#8221;full_width&#8221; angled_section=&#8221;no&#8221; text_align=&#8221;left&#8221; background_image=&#8221;19017&#8243; background_image_as_pattern=&#8221;without_pattern&#8221; z_index=&#8221;&#8221;][vc_column width=&#8221;1\/2&#8243;][vc_empty_space height=&#8221;200px&#8221; el_class=&#8221;empty&#8221;][vc_column_text] Mobil uygulamalar bug\u00fcn\u00fcn i\u015f d\u00fcnyas\u0131nda belirgin bir \u015fekilde \u00f6zellikli ve say\u0131lar\u0131 ikiye katland\u0131. son 5 y\u0131l i\u00e7inde bug\u00fcn Internet kullan\u0131m\u0131% 70 daha fazla cihazlar \u00fczerinden...","og_url":"https:\/\/qualitey.com\/tr\/mobil-uygulamalar\/","og_site_name":"Quality","article_publisher":"https:\/\/www.facebook.com\/quality.srv","article_modified_time":"2020-12-02T09:03:12+00:00","twitter_card":"summary_large_image","twitter_site":"@quality_srv","twitter_misc":{"Tahmini okuma s\u00fcresi":"1 dakika"},"schema":{"@context":"https:\/\/schema.org","@graph":[{"@type":"WebPage","@id":"https:\/\/qualitey.com\/tr\/mobil-uygulamalar\/","url":"https:\/\/qualitey.com\/tr\/mobil-uygulamalar\/","name":"Mobil uygulamalar - Quality","isPartOf":{"@id":"https:\/\/qualitey.com\/tr\/#website"},"datePublished":"2019-01-21T12:25:13+00:00","dateModified":"2020-12-02T09:03:12+00:00","breadcrumb":{"@id":"https:\/\/qualitey.com\/tr\/mobil-uygulamalar\/#breadcrumb"},"inLanguage":"tr","potentialAction":[{"@type":"ReadAction","target":["https:\/\/qualitey.com\/tr\/mobil-uygulamalar\/"]}]},{"@type":"BreadcrumbList","@id":"https:\/\/qualitey.com\/tr\/mobil-uygulamalar\/#breadcrumb","itemListElement":[{"@type":"ListItem","position":1,"name":"Home","item":"https:\/\/qualitey.com\/tr\/"},{"@type":"ListItem","position":2,"name":"Mobil uygulamalar"}]},{"@type":"WebSite","@id":"https:\/\/qualitey.com\/tr\/#website","url":"https:\/\/qualitey.com\/tr\/","name":"Quality","description":"\u0643\u0648\u0627\u0644\u064a\u062a\u064a","publisher":{"@id":"https:\/\/qualitey.com\/tr\/#organization"},"alternateName":"\u0643\u0648\u0627\u0644\u064a\u062a\u064a","potentialAction":[{"@type":"SearchAction","target":{"@type":"EntryPoint","urlTemplate":"https:\/\/qualitey.com\/tr\/?s={search_term_string}"},"query-input":{"@type":"PropertyValueSpecification","valueRequired":true,"valueName":"search_term_string"}}],"inLanguage":"tr"},{"@type":"Organization","@id":"https:\/\/qualitey.com\/tr\/#organization","name":"\u0643\u0648\u0627\u0644\u064a\u062a\u064a - Quality","alternateName":"\u0634\u0631\u0643\u0629 \u0643\u0648\u0627\u0644\u064a\u062a\u064a - Quality Media","url":"https:\/\/qualitey.com\/tr\/","logo":{"@type":"ImageObject","inLanguage":"tr","@id":"https:\/\/qualitey.com\/tr\/#\/schema\/logo\/image\/","url":"https:\/\/qualitey.com\/wp-content\/uploads\/logo-qualitey-2.png","contentUrl":"https:\/\/qualitey.com\/wp-content\/uploads\/logo-qualitey-2.png","width":250,"height":80,"caption":"\u0643\u0648\u0627\u0644\u064a\u062a\u064a - Quality"},"image":{"@id":"https:\/\/qualitey.com\/tr\/#\/schema\/logo\/image\/"},"sameAs":["https:\/\/www.facebook.com\/quality.srv","https:\/\/x.com\/quality_srv","https:\/\/www.instagram.com\/quality.srv\/","https:\/\/www.linkedin.com\/company\/quality.srv","https:\/\/www.pinterest.ca\/Quality_Media\/","https:\/\/www.youtube.com\/channel\/UCEZUVm2qSp9KyPSV8qUJbwQ"]}]}},"_links":{"self":[{"href":"https:\/\/qualitey.com\/tr\/wp-json\/wp\/v2\/pages\/19325","targetHints":{"allow":["GET"]}}],"collection":[{"href":"https:\/\/qualitey.com\/tr\/wp-json\/wp\/v2\/pages"}],"about":[{"href":"https:\/\/qualitey.com\/tr\/wp-json\/wp\/v2\/types\/page"}],"author":[{"embeddable":true,"href":"https:\/\/qualitey.com\/tr\/wp-json\/wp\/v2\/users\/1"}],"replies":[{"embeddable":true,"href":"https:\/\/qualitey.com\/tr\/wp-json\/wp\/v2\/comments?post=19325"}],"version-history":[{"count":2,"href":"https:\/\/qualitey.com\/tr\/wp-json\/wp\/v2\/pages\/19325\/revisions"}],"predecessor-version":[{"id":28373,"href":"https:\/\/qualitey.com\/tr\/wp-json\/wp\/v2\/pages\/19325\/revisions\/28373"}],"wp:attachment":[{"href":"https:\/\/qualitey.com\/tr\/wp-json\/wp\/v2\/media?parent=19325"}],"curies":[{"name":"wp","href":"https:\/\/api.w.org\/{rel}","templated":true}]}}