{"id":19955,"date":"2019-01-30T10:47:38","date_gmt":"2019-01-30T10:47:38","guid":{"rendered":"https:\/\/wp.qualitey.com\/e-magaza-formu\/"},"modified":"2019-02-07T10:53:38","modified_gmt":"2019-02-07T10:53:38","slug":"e-magaza-formu","status":"publish","type":"page","link":"https:\/\/qualitey.com\/tr\/e-magaza-formu\/","title":{"rendered":"e-ma\u011faza formu"},"content":{"rendered":"<div class=\"wpb-content-wrapper\"><p>[vc_row css_animation=&#8221;&#8221; row_type=&#8221;row&#8221; use_row_as_full_screen_section=&#8221;no&#8221; type=&#8221;full_width&#8221; angled_section=&#8221;no&#8221; text_align=&#8221;left&#8221; background_image_as_pattern=&#8221;without_pattern&#8221;][vc_column][vc_empty_space height=&#8221;70px&#8221;][vc_column_text]<\/p>\n<h1 style=\"text-align: left;\">Elektronik bir ma\u011faza formu<\/h1>\n<p>[\/vc_column_text][vc_empty_space height=&#8221;50px&#8221;][\/vc_column][\/vc_row][vc_row rtl_reverse=&#8221;yes&#8221; css_animation=&#8221;&#8221; row_type=&#8221;row&#8221; use_row_as_full_screen_section=&#8221;no&#8221; type=&#8221;full_width&#8221; angled_section=&#8221;no&#8221; text_align=&#8221;right&#8221; background_image_as_pattern=&#8221;without_pattern&#8221; z_index=&#8221;&#8221;][vc_column]\n<div class=\"wpcf7 no-js\" id=\"wpcf7-f20812-o1\" lang=\"ar\" dir=\"rtl\" data-wpcf7-id=\"20812\">\n<div class=\"screen-reader-response\"><p role=\"status\" aria-live=\"polite\" aria-atomic=\"true\"><\/p> <ul><\/ul><\/div>\n<form action=\"\/tr\/wp-json\/wp\/v2\/pages\/19955#wpcf7-f20812-o1\" method=\"post\" class=\"wpcf7-form init cf7_custom_style_2\" aria-label=\"\u0646\u0645\u0648\u0630\u062c \u0627\u0644\u0627\u062a\u0635\u0627\u0644\" novalidate=\"novalidate\" data-status=\"init\">\n<fieldset class=\"hidden-fields-container\"><input type=\"hidden\" name=\"_wpcf7\" value=\"20812\" \/><input type=\"hidden\" name=\"_wpcf7_version\" value=\"6.1.5\" \/><input type=\"hidden\" name=\"_wpcf7_locale\" value=\"ar\" \/><input type=\"hidden\" name=\"_wpcf7_unit_tag\" value=\"wpcf7-f20812-o1\" \/><input type=\"hidden\" name=\"_wpcf7_container_post\" value=\"0\" \/><input type=\"hidden\" name=\"_wpcf7_posted_data_hash\" value=\"\" \/><input type=\"hidden\" name=\"_wpcf7_recaptcha_response\" value=\"\" \/>\n<\/fieldset>\n<p><label class=\"bt-i\"> Ad\u0131:<\/label><br \/>\n<span class=\"wpcf7-form-control-wrap\" data-name=\"your-name\"><input size=\"40\" maxlength=\"400\" class=\"wpcf7-form-control wpcf7-text wpcf7-validates-as-required\" aria-required=\"true\" aria-invalid=\"false\" value=\"\" type=\"text\" name=\"your-name\" \/><\/span><br \/>\n<label class=\"bt-i\"> Mobil:<\/label><br \/>\n<span class=\"wpcf7-form-control-wrap\" data-name=\"tel-929\"><input size=\"40\" maxlength=\"400\" class=\"wpcf7-form-control wpcf7-tel wpcf7-validates-as-required wpcf7-text wpcf7-validates-as-tel\" aria-required=\"true\" aria-invalid=\"false\" value=\"\" type=\"tel\" name=\"tel-929\" \/><\/span><br \/>\n<label class=\"bt-i\"> E-posta:<\/label><br \/>\n<span class=\"wpcf7-form-control-wrap\" data-name=\"your-email\"><input size=\"40\" maxlength=\"400\" class=\"wpcf7-form-control wpcf7-email wpcf7-validates-as-required wpcf7-text wpcf7-validates-as-email\" aria-required=\"true\" aria-invalid=\"false\" value=\"\" type=\"email\" name=\"your-email\" \/><\/span><br \/>\n<label class=\"bt-i\"> Ma\u011faza Ad\u0131:<\/label><br \/>\n<span class=\"wpcf7-form-control-wrap\" data-name=\"text-804\"><input size=\"40\" maxlength=\"400\" class=\"wpcf7-form-control wpcf7-text\" aria-invalid=\"false\" value=\"\" type=\"text\" name=\"text-804\" \/><\/span><br \/>\n<label class=\"bt-i\">\u00d6zel Ma\u011faza:<\/label><br \/>\n<span class=\"wpcf7-form-control-wrap\" data-name=\"text-906\"><input size=\"40\" maxlength=\"400\" class=\"wpcf7-form-control wpcf7-text\" aria-invalid=\"false\" value=\"\" type=\"text\" name=\"text-906\" \/><\/span><br \/>\n<label class=\"bt-i\">Ma\u011faza Tipi:<\/label><br \/>\n<span class=\"wpcf7-form-control-wrap\" data-name=\"radio-36\"><span class=\"wpcf7-form-control wpcf7-radio\"><span class=\"wpcf7-list-item first\"><input type=\"radio\" name=\"radio-36\" value=\"Dikkatli ol\" checked=\"checked\" \/><span class=\"wpcf7-list-item-label\">Dikkatli ol<\/span><\/span><span class=\"wpcf7-list-item\"><input type=\"radio\" name=\"radio-36\" value=\"Bir \u015firket\" \/><span class=\"wpcf7-list-item-label\">Bir \u015firket<\/span><\/span><span class=\"wpcf7-list-item last\"><input type=\"radio\" name=\"radio-36\" value=\"\u00c7oklu t\u00fcccarlar\" \/><span class=\"wpcf7-list-item-label\">\u00c7oklu t\u00fcccarlar<\/span><\/span><\/span><\/span><br \/>\n<label class=\"bt-i\"> Ma\u011fazan\u0131n g\u00f6nderilece\u011fi \u00fclkeler:<\/label><br \/>\n<span class=\"wpcf7-form-control-wrap\" data-name=\"text-907\"><input size=\"40\" maxlength=\"400\" class=\"wpcf7-form-control wpcf7-text\" aria-invalid=\"false\" value=\"\" type=\"text\" name=\"text-907\" \/><\/span><br \/>\n<label class=\"bt-i\"> D\u00fckkan\u0131n logosu ve g\u00f6rsel kimli\u011fi var m\u0131:<\/label><br \/>\n<span class=\"wpcf7-form-control-wrap\" data-name=\"radio-949\"><span class=\"wpcf7-form-control wpcf7-radio\"><span class=\"wpcf7-list-item first\"><input type=\"radio\" name=\"radio-949\" value=\"evet\" checked=\"checked\" \/><span class=\"wpcf7-list-item-label\">evet<\/span><\/span><span class=\"wpcf7-list-item last\"><input type=\"radio\" name=\"radio-949\" value=\"hay\u0131r\" \/><span class=\"wpcf7-list-item-label\">hay\u0131r<\/span><\/span><\/span><\/span><br \/>\n<label class=\"bt-i\"> Ma\u011fazada ka\u00e7 \u00fcr\u00fcn bekleniyor:<\/label><br \/>\n<span class=\"wpcf7-form-control-wrap\" data-name=\"number-879\"><input class=\"wpcf7-form-control wpcf7-number wpcf7-validates-as-number\" aria-invalid=\"false\" value=\"\" type=\"number\" name=\"number-879\" \/><\/span>\n<\/p>\n<p class=\"bt-p\"><input class=\"wpcf7-form-control wpcf7-submit has-spinner\" type=\"submit\" value=\"G\u00f6ndermek\" \/>\n<\/p>\n<input type='hidden' class='wpcf7-pum' value='{\"closepopup\":false,\"closedelay\":0,\"openpopup\":false,\"openpopup_id\":0}' \/><div class=\"wpcf7-response-output\" aria-hidden=\"true\"><\/div>\n<\/form>\n<\/div>\n[\/vc_column][\/vc_row][vc_row css_animation=&#8221;&#8221; row_type=&#8221;row&#8221; use_row_as_full_screen_section=&#8221;no&#8221; type=&#8221;full_width&#8221; angled_section=&#8221;no&#8221; text_align=&#8221;left&#8221; background_image_as_pattern=&#8221;without_pattern&#8221;][vc_column][\/vc_column][\/vc_row]<\/p>\n<\/div>","protected":false},"excerpt":{"rendered":"<p>[vc_row css_animation=&#8221;&#8221; row_type=&#8221;row&#8221; use_row_as_full_screen_section=&#8221;no&#8221; type=&#8221;full_width&#8221; angled_section=&#8221;no&#8221; text_align=&#8221;left&#8221; background_image_as_pattern=&#8221;without_pattern&#8221;][vc_column][vc_empty_space height=&#8221;70px&#8221;][vc_column_text] Elektronik bir ma\u011faza formu [\/vc_column_text][vc_empty_space height=&#8221;50px&#8221;][\/vc_column][\/vc_row][vc_row rtl_reverse=&#8221;yes&#8221; css_animation=&#8221;&#8221; row_type=&#8221;row&#8221; use_row_as_full_screen_section=&#8221;no&#8221; type=&#8221;full_width&#8221; angled_section=&#8221;no&#8221; text_align=&#8221;right&#8221; background_image_as_pattern=&#8221;without_pattern&#8221; z_index=&#8221;&#8221;][vc_column][\/vc_column][\/vc_row][vc_row css_animation=&#8221;&#8221; row_type=&#8221;row&#8221; use_row_as_full_screen_section=&#8221;no&#8221; type=&#8221;full_width&#8221; angled_section=&#8221;no&#8221; text_align=&#8221;left&#8221; background_image_as_pattern=&#8221;without_pattern&#8221;][vc_column][\/vc_column][\/vc_row]<\/p>\n","protected":false},"author":1,"featured_media":0,"parent":0,"menu_order":0,"comment_status":"closed","ping_status":"closed","template":"","meta":{"content-type":"","footnotes":""},"class_list":["post-19955","page","type-page","status-publish","hentry"],"yoast_head":"<!-- This site is optimized with the Yoast SEO Premium plugin v25.5 (Yoast SEO v27.4) - https:\/\/yoast.com\/product\/yoast-seo-premium-wordpress\/ -->\n<title>e-ma\u011faza formu - Quality<\/title>\n<meta name=\"robots\" content=\"index, follow, max-snippet:-1, max-image-preview:large, max-video-preview:-1\" \/>\n<link rel=\"canonical\" href=\"https:\/\/qualitey.com\/tr\/e-magaza-formu\/\" \/>\n<meta property=\"og:locale\" content=\"tr_TR\" \/>\n<meta property=\"og:type\" content=\"article\" \/>\n<meta property=\"og:title\" content=\"e-ma\u011faza formu\" \/>\n<meta property=\"og:description\" content=\"[vc_row css_animation=&#8221;&#8221; row_type=&#8221;row&#8221; use_row_as_full_screen_section=&#8221;no&#8221; type=&#8221;full_width&#8221; angled_section=&#8221;no&#8221; text_align=&#8221;left&#8221; background_image_as_pattern=&#8221;without_pattern&#8221;][vc_column][vc_empty_space height=&#8221;70px&#8221;][vc_column_text] Elektronik bir ma\u011faza formu [\/vc_column_text][vc_empty_space height=&#8221;50px&#8221;][\/vc_column][\/vc_row][vc_row rtl_reverse=&#8221;yes&#8221; css_animation=&#8221;&#8221; row_type=&#8221;row&#8221; use_row_as_full_screen_section=&#8221;no&#8221; type=&#8221;full_width&#8221; angled_section=&#8221;no&#8221; text_align=&#8221;right&#8221; background_image_as_pattern=&#8221;without_pattern&#8221; z_index=&#8221;&#8221;][vc_column][\/vc_column][\/vc_row][vc_row css_animation=&#8221;&#8221; row_type=&#8221;row&#8221; use_row_as_full_screen_section=&#8221;no&#8221; type=&#8221;full_width&#8221; angled_section=&#8221;no&#8221; text_align=&#8221;left&#8221; background_image_as_pattern=&#8221;without_pattern&#8221;][vc_column][\/vc_column][\/vc_row]\" \/>\n<meta property=\"og:url\" content=\"https:\/\/qualitey.com\/tr\/e-magaza-formu\/\" \/>\n<meta property=\"og:site_name\" content=\"Quality\" \/>\n<meta property=\"article:publisher\" content=\"https:\/\/www.facebook.com\/quality.srv\" \/>\n<meta property=\"article:modified_time\" content=\"2019-02-07T10:53:38+00:00\" \/>\n<meta name=\"twitter:card\" content=\"summary_large_image\" \/>\n<meta name=\"twitter:site\" content=\"@quality_srv\" \/>\n<meta name=\"twitter:label1\" content=\"Tahmini okuma s\u00fcresi\" \/>\n\t<meta name=\"twitter:data1\" content=\"1 dakika\" \/>\n<script type=\"application\/ld+json\" class=\"yoast-schema-graph\">{\"@context\":\"https:\\\/\\\/schema.org\",\"@graph\":[{\"@type\":\"WebPage\",\"@id\":\"https:\\\/\\\/qualitey.com\\\/tr\\\/e-magaza-formu\\\/\",\"url\":\"https:\\\/\\\/qualitey.com\\\/tr\\\/e-magaza-formu\\\/\",\"name\":\"e-ma\u011faza formu - Quality\",\"isPartOf\":{\"@id\":\"https:\\\/\\\/qualitey.com\\\/tr\\\/#website\"},\"datePublished\":\"2019-01-30T10:47:38+00:00\",\"dateModified\":\"2019-02-07T10:53:38+00:00\",\"breadcrumb\":{\"@id\":\"https:\\\/\\\/qualitey.com\\\/tr\\\/e-magaza-formu\\\/#breadcrumb\"},\"inLanguage\":\"tr\",\"potentialAction\":[{\"@type\":\"ReadAction\",\"target\":[\"https:\\\/\\\/qualitey.com\\\/tr\\\/e-magaza-formu\\\/\"]}]},{\"@type\":\"BreadcrumbList\",\"@id\":\"https:\\\/\\\/qualitey.com\\\/tr\\\/e-magaza-formu\\\/#breadcrumb\",\"itemListElement\":[{\"@type\":\"ListItem\",\"position\":1,\"name\":\"Home\",\"item\":\"https:\\\/\\\/qualitey.com\\\/tr\\\/\"},{\"@type\":\"ListItem\",\"position\":2,\"name\":\"e-ma\u011faza formu\"}]},{\"@type\":\"WebSite\",\"@id\":\"https:\\\/\\\/qualitey.com\\\/tr\\\/#website\",\"url\":\"https:\\\/\\\/qualitey.com\\\/tr\\\/\",\"name\":\"Quality\",\"description\":\"\u0643\u0648\u0627\u0644\u064a\u062a\u064a\",\"publisher\":{\"@id\":\"https:\\\/\\\/qualitey.com\\\/tr\\\/#organization\"},\"alternateName\":\"\u0643\u0648\u0627\u0644\u064a\u062a\u064a\",\"potentialAction\":[{\"@type\":\"SearchAction\",\"target\":{\"@type\":\"EntryPoint\",\"urlTemplate\":\"https:\\\/\\\/qualitey.com\\\/tr\\\/?s={search_term_string}\"},\"query-input\":{\"@type\":\"PropertyValueSpecification\",\"valueRequired\":true,\"valueName\":\"search_term_string\"}}],\"inLanguage\":\"tr\"},{\"@type\":\"Organization\",\"@id\":\"https:\\\/\\\/qualitey.com\\\/tr\\\/#organization\",\"name\":\"\u0643\u0648\u0627\u0644\u064a\u062a\u064a - Quality\",\"alternateName\":\"\u0634\u0631\u0643\u0629 \u0643\u0648\u0627\u0644\u064a\u062a\u064a - Quality Media\",\"url\":\"https:\\\/\\\/qualitey.com\\\/tr\\\/\",\"logo\":{\"@type\":\"ImageObject\",\"inLanguage\":\"tr\",\"@id\":\"https:\\\/\\\/qualitey.com\\\/tr\\\/#\\\/schema\\\/logo\\\/image\\\/\",\"url\":\"https:\\\/\\\/qualitey.com\\\/wp-content\\\/uploads\\\/logo-qualitey-2.png\",\"contentUrl\":\"https:\\\/\\\/qualitey.com\\\/wp-content\\\/uploads\\\/logo-qualitey-2.png\",\"width\":250,\"height\":80,\"caption\":\"\u0643\u0648\u0627\u0644\u064a\u062a\u064a - Quality\"},\"image\":{\"@id\":\"https:\\\/\\\/qualitey.com\\\/tr\\\/#\\\/schema\\\/logo\\\/image\\\/\"},\"sameAs\":[\"https:\\\/\\\/www.facebook.com\\\/quality.srv\",\"https:\\\/\\\/x.com\\\/quality_srv\",\"https:\\\/\\\/www.instagram.com\\\/quality.srv\\\/\",\"https:\\\/\\\/www.linkedin.com\\\/company\\\/quality.srv\",\"https:\\\/\\\/www.pinterest.ca\\\/Quality_Media\\\/\",\"https:\\\/\\\/www.youtube.com\\\/channel\\\/UCEZUVm2qSp9KyPSV8qUJbwQ\"]}]}<\/script>\n<!-- \/ Yoast SEO Premium plugin. -->","yoast_head_json":{"title":"e-ma\u011faza formu - Quality","robots":{"index":"index","follow":"follow","max-snippet":"max-snippet:-1","max-image-preview":"max-image-preview:large","max-video-preview":"max-video-preview:-1"},"canonical":"https:\/\/qualitey.com\/tr\/e-magaza-formu\/","og_locale":"tr_TR","og_type":"article","og_title":"e-ma\u011faza formu","og_description":"[vc_row css_animation=&#8221;&#8221; row_type=&#8221;row&#8221; use_row_as_full_screen_section=&#8221;no&#8221; type=&#8221;full_width&#8221; angled_section=&#8221;no&#8221; text_align=&#8221;left&#8221; background_image_as_pattern=&#8221;without_pattern&#8221;][vc_column][vc_empty_space height=&#8221;70px&#8221;][vc_column_text] Elektronik bir ma\u011faza formu [\/vc_column_text][vc_empty_space height=&#8221;50px&#8221;][\/vc_column][\/vc_row][vc_row rtl_reverse=&#8221;yes&#8221; css_animation=&#8221;&#8221; row_type=&#8221;row&#8221; use_row_as_full_screen_section=&#8221;no&#8221; type=&#8221;full_width&#8221; angled_section=&#8221;no&#8221; text_align=&#8221;right&#8221; background_image_as_pattern=&#8221;without_pattern&#8221; z_index=&#8221;&#8221;][vc_column][\/vc_column][\/vc_row][vc_row css_animation=&#8221;&#8221; row_type=&#8221;row&#8221; use_row_as_full_screen_section=&#8221;no&#8221; type=&#8221;full_width&#8221; angled_section=&#8221;no&#8221; text_align=&#8221;left&#8221; background_image_as_pattern=&#8221;without_pattern&#8221;][vc_column][\/vc_column][\/vc_row]","og_url":"https:\/\/qualitey.com\/tr\/e-magaza-formu\/","og_site_name":"Quality","article_publisher":"https:\/\/www.facebook.com\/quality.srv","article_modified_time":"2019-02-07T10:53:38+00:00","twitter_card":"summary_large_image","twitter_site":"@quality_srv","twitter_misc":{"Tahmini okuma s\u00fcresi":"1 dakika"},"schema":{"@context":"https:\/\/schema.org","@graph":[{"@type":"WebPage","@id":"https:\/\/qualitey.com\/tr\/e-magaza-formu\/","url":"https:\/\/qualitey.com\/tr\/e-magaza-formu\/","name":"e-ma\u011faza formu - Quality","isPartOf":{"@id":"https:\/\/qualitey.com\/tr\/#website"},"datePublished":"2019-01-30T10:47:38+00:00","dateModified":"2019-02-07T10:53:38+00:00","breadcrumb":{"@id":"https:\/\/qualitey.com\/tr\/e-magaza-formu\/#breadcrumb"},"inLanguage":"tr","potentialAction":[{"@type":"ReadAction","target":["https:\/\/qualitey.com\/tr\/e-magaza-formu\/"]}]},{"@type":"BreadcrumbList","@id":"https:\/\/qualitey.com\/tr\/e-magaza-formu\/#breadcrumb","itemListElement":[{"@type":"ListItem","position":1,"name":"Home","item":"https:\/\/qualitey.com\/tr\/"},{"@type":"ListItem","position":2,"name":"e-ma\u011faza formu"}]},{"@type":"WebSite","@id":"https:\/\/qualitey.com\/tr\/#website","url":"https:\/\/qualitey.com\/tr\/","name":"Quality","description":"\u0643\u0648\u0627\u0644\u064a\u062a\u064a","publisher":{"@id":"https:\/\/qualitey.com\/tr\/#organization"},"alternateName":"\u0643\u0648\u0627\u0644\u064a\u062a\u064a","potentialAction":[{"@type":"SearchAction","target":{"@type":"EntryPoint","urlTemplate":"https:\/\/qualitey.com\/tr\/?s={search_term_string}"},"query-input":{"@type":"PropertyValueSpecification","valueRequired":true,"valueName":"search_term_string"}}],"inLanguage":"tr"},{"@type":"Organization","@id":"https:\/\/qualitey.com\/tr\/#organization","name":"\u0643\u0648\u0627\u0644\u064a\u062a\u064a - Quality","alternateName":"\u0634\u0631\u0643\u0629 \u0643\u0648\u0627\u0644\u064a\u062a\u064a - Quality Media","url":"https:\/\/qualitey.com\/tr\/","logo":{"@type":"ImageObject","inLanguage":"tr","@id":"https:\/\/qualitey.com\/tr\/#\/schema\/logo\/image\/","url":"https:\/\/qualitey.com\/wp-content\/uploads\/logo-qualitey-2.png","contentUrl":"https:\/\/qualitey.com\/wp-content\/uploads\/logo-qualitey-2.png","width":250,"height":80,"caption":"\u0643\u0648\u0627\u0644\u064a\u062a\u064a - Quality"},"image":{"@id":"https:\/\/qualitey.com\/tr\/#\/schema\/logo\/image\/"},"sameAs":["https:\/\/www.facebook.com\/quality.srv","https:\/\/x.com\/quality_srv","https:\/\/www.instagram.com\/quality.srv\/","https:\/\/www.linkedin.com\/company\/quality.srv","https:\/\/www.pinterest.ca\/Quality_Media\/","https:\/\/www.youtube.com\/channel\/UCEZUVm2qSp9KyPSV8qUJbwQ"]}]}},"_links":{"self":[{"href":"https:\/\/qualitey.com\/tr\/wp-json\/wp\/v2\/pages\/19955","targetHints":{"allow":["GET"]}}],"collection":[{"href":"https:\/\/qualitey.com\/tr\/wp-json\/wp\/v2\/pages"}],"about":[{"href":"https:\/\/qualitey.com\/tr\/wp-json\/wp\/v2\/types\/page"}],"author":[{"embeddable":true,"href":"https:\/\/qualitey.com\/tr\/wp-json\/wp\/v2\/users\/1"}],"replies":[{"embeddable":true,"href":"https:\/\/qualitey.com\/tr\/wp-json\/wp\/v2\/comments?post=19955"}],"version-history":[{"count":0,"href":"https:\/\/qualitey.com\/tr\/wp-json\/wp\/v2\/pages\/19955\/revisions"}],"wp:attachment":[{"href":"https:\/\/qualitey.com\/tr\/wp-json\/wp\/v2\/media?parent=19955"}],"curies":[{"name":"wp","href":"https:\/\/api.w.org\/{rel}","templated":true}]}}