{"id":19979,"date":"2019-01-30T10:53:48","date_gmt":"2019-01-30T10:53:48","guid":{"rendered":"https:\/\/wp.qualitey.com\/bize-ulasin\/"},"modified":"2021-04-19T11:25:07","modified_gmt":"2021-04-19T11:25:07","slug":"bize-ulasin","status":"publish","type":"page","link":"https:\/\/qualitey.com\/tr\/bize-ulasin\/","title":{"rendered":"Bize ula\u015f\u0131n"},"content":{"rendered":"<div class=\"wpb-content-wrapper\"><p>[vc_row css_animation=&#8221;&#8221; row_type=&#8221;row&#8221; use_row_as_full_screen_section=&#8221;no&#8221; type=&#8221;full_width&#8221; angled_section=&#8221;no&#8221; text_align=&#8221;left&#8221; background_image=&#8221;20211&#8243; background_image_as_pattern=&#8221;without_pattern&#8221; z_index=&#8221;&#8221;][vc_column][vc_empty_space height=&#8221;100px&#8221;][vc_column_text]<\/p>\n<h1 style=\"margin-right: 12%; text-align: right;\"><span style=\"color: #ffffff;\">Bizimle ileti\u015fime ge\u00e7in<\/span><\/h1>\n<p>[\/vc_column_text][vc_empty_space height=&#8221;100px&#8221;][\/vc_column][\/vc_row][vc_row css_animation=&#8221;&#8221; row_type=&#8221;row&#8221; use_row_as_full_screen_section=&#8221;no&#8221; type=&#8221;full_width&#8221; angled_section=&#8221;no&#8221; text_align=&#8221;left&#8221; background_image_as_pattern=&#8221;without_pattern&#8221;][vc_column width=&#8221;1\/2&#8243;][vc_empty_space][vc_column_text]<\/p>\n<h2 style=\"text-align: left;\">Veya bize arac\u0131l\u0131\u011f\u0131yla:<\/h2>\n<p>[\/vc_column_text][vc_separator type=&#8221;small&#8221; position=&#8221;left&#8221; color=&#8221;#ffffff&#8221; thickness=&#8221;3&#8243; width=&#8221;200&#8243;][vc_empty_space][vc_empty_space][vc_row_inner row_type=&#8221;row&#8221; type=&#8221;full_width&#8221; text_align=&#8221;left&#8221; css_animation=&#8221;&#8221;][vc_column_inner width=&#8221;1\/2&#8243;][\/vc_column_inner][vc_column_inner width=&#8221;1\/2&#8243;][\/vc_column_inner][vc_column_inner width=&#8221;1\/2&#8243;]<div class='q_icon_with_title large normal_icon center '><div class=\"icon_holder \" style=\" \"><span data-icon-type=\"normal\" class=\"qode_iwt_icon_holder q_font_awsome_icon fa-4x  \"><i class=\"qode_icon_font_awesome fa fa-envelope qode_iwt_icon_element\"><\/i><\/span><\/div><div class=\"icon_text_holder\" style=\"\"><div class=\"icon_text_inner\" style=\"\"><h3 class=\"icon_title\" style=\"color: #000000;font-weight: 400;\">Email<\/h3><p style='color: #000000'>Info@qualitey.com<\/p><\/div><\/div><\/div>[vc_column_text]<\/p>\n<div class=\"icon_with_title_link\" style=\"text-align: center;\"><span style=\"color: #ffffff;\"><a style=\"color: #ffffff;\" href=\"mailto:sales@quality.com.tr\">sales@quality.com.tr<\/a><\/span><\/div>\n<p>[\/vc_column_text][\/vc_column_inner][vc_column_inner width=&#8221;1\/2&#8243;]<div class='q_icon_with_title large normal_icon center '><div class=\"icon_holder \" style=\" \"><span data-icon-type=\"normal\" class=\"qode_iwt_icon_holder q_font_awsome_icon fa-4x  \"><i class=\"qode_icon_font_awesome fa fa-address-book-o qode_iwt_icon_element\"><\/i><\/span><\/div><div class=\"icon_text_holder\" style=\"\"><div class=\"icon_text_inner\" style=\"\"><h3 class=\"icon_title\" style=\"color: #000000;font-weight: 400;\">Numaras\u0131:<\/h3><p style='color: #000000'>00905523902127 \/ 00905523902127<\/p><\/div><\/div><\/div>[\/vc_column_inner][\/vc_row_inner][\/vc_column][vc_column width=&#8221;1\/2&#8243;][vc_empty_space][vc_column_text]<\/p>\n<h2 style=\"text-align: left;\">\u00a0Mesaj G\u00f6nder<\/h2>\n<p>[\/vc_column_text][vc_separator type=&#8221;small&#8221; position=&#8221;left&#8221; color=&#8221;#ffffff&#8221; thickness=&#8221;3&#8243; width=&#8221;190&#8243;]\n<div class=\"wpcf7 no-js\" id=\"wpcf7-f21427-o1\" lang=\"ar\" dir=\"rtl\" data-wpcf7-id=\"21427\">\n<div class=\"screen-reader-response\"><p role=\"status\" aria-live=\"polite\" aria-atomic=\"true\"><\/p> <ul><\/ul><\/div>\n<form action=\"\/tr\/wp-json\/wp\/v2\/pages\/19979#wpcf7-f21427-o1\" method=\"post\" class=\"wpcf7-form init cf7_custom_style_3\" aria-label=\"\u0646\u0645\u0648\u0630\u062c \u0627\u0644\u0627\u062a\u0635\u0627\u0644\" novalidate=\"novalidate\" data-status=\"init\">\n<fieldset class=\"hidden-fields-container\"><input type=\"hidden\" name=\"_wpcf7\" value=\"21427\" \/><input type=\"hidden\" name=\"_wpcf7_version\" value=\"6.1.5\" \/><input type=\"hidden\" name=\"_wpcf7_locale\" value=\"ar\" \/><input type=\"hidden\" name=\"_wpcf7_unit_tag\" value=\"wpcf7-f21427-o1\" \/><input type=\"hidden\" name=\"_wpcf7_container_post\" value=\"0\" \/><input type=\"hidden\" name=\"_wpcf7_posted_data_hash\" value=\"\" \/><input type=\"hidden\" name=\"_wpcf7_recaptcha_response\" value=\"\" \/>\n<\/fieldset>\n<p><span class=\"wpcf7-form-control-wrap\" data-name=\"text-863\"><input size=\"40\" maxlength=\"400\" class=\"wpcf7-form-control wpcf7-text\" aria-invalid=\"false\" placeholder=\"isim\" value=\"\" type=\"text\" name=\"text-863\" \/><\/span><br \/>\n<span class=\"wpcf7-form-control-wrap\" data-name=\"tel-155\"><input size=\"40\" maxlength=\"400\" class=\"wpcf7-form-control wpcf7-tel wpcf7-text wpcf7-validates-as-tel\" aria-invalid=\"false\" placeholder=\"Numaras\u0131\" value=\"\" type=\"tel\" name=\"tel-155\" \/><\/span><br \/>\n<span class=\"wpcf7-form-control-wrap\" data-name=\"text-864\"><input size=\"40\" maxlength=\"400\" class=\"wpcf7-form-control wpcf7-text\" aria-invalid=\"false\" placeholder=\"konu\" value=\"\" type=\"text\" name=\"text-864\" \/><\/span><br \/>\n<span class=\"wpcf7-form-control-wrap\" data-name=\"textarea-957\"><textarea cols=\"40\" rows=\"10\" maxlength=\"2000\" class=\"wpcf7-form-control wpcf7-textarea\" aria-invalid=\"false\" placeholder=\"Mesaj\" name=\"textarea-957\"><\/textarea><\/span><br \/>\n<input class=\"wpcf7-form-control wpcf7-submit has-spinner btn_send\" type=\"submit\" value=\"g\u00f6ndermek\" \/>\n<\/p><input type='hidden' class='wpcf7-pum' value='{\"closepopup\":false,\"closedelay\":0,\"openpopup\":false,\"openpopup_id\":0}' \/><div class=\"wpcf7-response-output\" aria-hidden=\"true\"><\/div>\n<\/form>\n<\/div>\n[\/vc_column][\/vc_row]<\/p>\n<\/div>","protected":false},"excerpt":{"rendered":"<p>[vc_row css_animation=&#8221;&#8221; row_type=&#8221;row&#8221; use_row_as_full_screen_section=&#8221;no&#8221; type=&#8221;full_width&#8221; angled_section=&#8221;no&#8221; text_align=&#8221;left&#8221; background_image=&#8221;20211&#8243; background_image_as_pattern=&#8221;without_pattern&#8221; z_index=&#8221;&#8221;][vc_column][vc_empty_space height=&#8221;100px&#8221;][vc_column_text] Bizimle ileti\u015fime ge\u00e7in [\/vc_column_text][vc_empty_space height=&#8221;100px&#8221;][\/vc_column][\/vc_row][vc_row css_animation=&#8221;&#8221; row_type=&#8221;row&#8221; use_row_as_full_screen_section=&#8221;no&#8221; type=&#8221;full_width&#8221; angled_section=&#8221;no&#8221; text_align=&#8221;left&#8221; background_image_as_pattern=&#8221;without_pattern&#8221;][vc_column width=&#8221;1\/2&#8243;][vc_empty_space][vc_column_text] Veya bize arac\u0131l\u0131\u011f\u0131yla: [\/vc_column_text][vc_separator type=&#8221;small&#8221; position=&#8221;left&#8221; color=&#8221;#ffffff&#8221; thickness=&#8221;3&#8243; width=&#8221;200&#8243;][vc_empty_space][vc_empty_space][vc_row_inner row_type=&#8221;row&#8221; type=&#8221;full_width&#8221; text_align=&#8221;left&#8221; css_animation=&#8221;&#8221;][vc_column_inner width=&#8221;1\/2&#8243;][\/vc_column_inner][vc_column_inner width=&#8221;1\/2&#8243;][\/vc_column_inner][vc_column_inner width=&#8221;1\/2&#8243;][vc_column_text] sales@quality.com.tr [\/vc_column_text][\/vc_column_inner][vc_column_inner width=&#8221;1\/2&#8243;][\/vc_column_inner][\/vc_row_inner][\/vc_column][vc_column width=&#8221;1\/2&#8243;][vc_empty_space][vc_column_text] \u00a0Mesaj&#8230;<\/p>\n","protected":false},"author":1,"featured_media":0,"parent":0,"menu_order":0,"comment_status":"closed","ping_status":"closed","template":"","meta":{"content-type":"","footnotes":""},"class_list":["post-19979","page","type-page","status-publish","hentry"],"yoast_head":"<!-- This site is optimized with the Yoast SEO Premium plugin v25.5 (Yoast SEO v27.4) - https:\/\/yoast.com\/product\/yoast-seo-premium-wordpress\/ -->\n<title>Bize ula\u015f\u0131n - Quality<\/title>\n<meta name=\"description\" content=\"Bizimle ileti\u015fim kurmaktan ve g\u00fcn\u00fcn 24 saati m\u00fc\u015fterinin . Misyonumuz size hizmet etmek ve ihtiya\u00e7lar\u0131n\u0131z\u0131 yerine getirmek i\u00e7in \u00e7al\u0131\u015fmakt\u0131r.\" \/>\n<meta name=\"robots\" content=\"index, follow, max-snippet:-1, max-image-preview:large, max-video-preview:-1\" \/>\n<link rel=\"canonical\" href=\"https:\/\/qualitey.com\/tr\/bize-ulasin\/\" \/>\n<meta property=\"og:locale\" content=\"tr_TR\" \/>\n<meta property=\"og:type\" content=\"article\" \/>\n<meta property=\"og:title\" content=\"Bize ula\u015f\u0131n\" \/>\n<meta property=\"og:description\" content=\"Bizimle ileti\u015fim kurmaktan ve g\u00fcn\u00fcn 24 saati m\u00fc\u015fterinin . Misyonumuz size hizmet etmek ve ihtiya\u00e7lar\u0131n\u0131z\u0131 yerine getirmek i\u00e7in \u00e7al\u0131\u015fmakt\u0131r.\" \/>\n<meta property=\"og:url\" content=\"https:\/\/qualitey.com\/tr\/bize-ulasin\/\" \/>\n<meta property=\"og:site_name\" content=\"Quality\" \/>\n<meta property=\"article:publisher\" content=\"https:\/\/www.facebook.com\/quality.srv\" \/>\n<meta property=\"article:modified_time\" content=\"2021-04-19T11:25:07+00:00\" \/>\n<meta name=\"twitter:card\" content=\"summary_large_image\" \/>\n<meta name=\"twitter:site\" content=\"@quality_srv\" \/>\n<meta name=\"twitter:label1\" content=\"Tahmini okuma s\u00fcresi\" \/>\n\t<meta name=\"twitter:data1\" content=\"1 dakika\" \/>\n<script type=\"application\/ld+json\" class=\"yoast-schema-graph\">{\"@context\":\"https:\\\/\\\/schema.org\",\"@graph\":[{\"@type\":\"WebPage\",\"@id\":\"https:\\\/\\\/qualitey.com\\\/tr\\\/bize-ulasin\\\/\",\"url\":\"https:\\\/\\\/qualitey.com\\\/tr\\\/bize-ulasin\\\/\",\"name\":\"Bize ula\u015f\u0131n - Quality\",\"isPartOf\":{\"@id\":\"https:\\\/\\\/qualitey.com\\\/tr\\\/#website\"},\"datePublished\":\"2019-01-30T10:53:48+00:00\",\"dateModified\":\"2021-04-19T11:25:07+00:00\",\"description\":\"Bizimle ileti\u015fim kurmaktan ve g\u00fcn\u00fcn 24 saati m\u00fc\u015fterinin . Misyonumuz size hizmet etmek ve ihtiya\u00e7lar\u0131n\u0131z\u0131 yerine getirmek i\u00e7in \u00e7al\u0131\u015fmakt\u0131r.\",\"breadcrumb\":{\"@id\":\"https:\\\/\\\/qualitey.com\\\/tr\\\/bize-ulasin\\\/#breadcrumb\"},\"inLanguage\":\"tr\",\"potentialAction\":[{\"@type\":\"ReadAction\",\"target\":[\"https:\\\/\\\/qualitey.com\\\/tr\\\/bize-ulasin\\\/\"]}]},{\"@type\":\"BreadcrumbList\",\"@id\":\"https:\\\/\\\/qualitey.com\\\/tr\\\/bize-ulasin\\\/#breadcrumb\",\"itemListElement\":[{\"@type\":\"ListItem\",\"position\":1,\"name\":\"Home\",\"item\":\"https:\\\/\\\/qualitey.com\\\/tr\\\/\"},{\"@type\":\"ListItem\",\"position\":2,\"name\":\"Bize ula\u015f\u0131n\"}]},{\"@type\":\"WebSite\",\"@id\":\"https:\\\/\\\/qualitey.com\\\/tr\\\/#website\",\"url\":\"https:\\\/\\\/qualitey.com\\\/tr\\\/\",\"name\":\"Quality\",\"description\":\"\u0643\u0648\u0627\u0644\u064a\u062a\u064a\",\"publisher\":{\"@id\":\"https:\\\/\\\/qualitey.com\\\/tr\\\/#organization\"},\"alternateName\":\"\u0643\u0648\u0627\u0644\u064a\u062a\u064a\",\"potentialAction\":[{\"@type\":\"SearchAction\",\"target\":{\"@type\":\"EntryPoint\",\"urlTemplate\":\"https:\\\/\\\/qualitey.com\\\/tr\\\/?s={search_term_string}\"},\"query-input\":{\"@type\":\"PropertyValueSpecification\",\"valueRequired\":true,\"valueName\":\"search_term_string\"}}],\"inLanguage\":\"tr\"},{\"@type\":\"Organization\",\"@id\":\"https:\\\/\\\/qualitey.com\\\/tr\\\/#organization\",\"name\":\"\u0643\u0648\u0627\u0644\u064a\u062a\u064a - Quality\",\"alternateName\":\"\u0634\u0631\u0643\u0629 \u0643\u0648\u0627\u0644\u064a\u062a\u064a - Quality Media\",\"url\":\"https:\\\/\\\/qualitey.com\\\/tr\\\/\",\"logo\":{\"@type\":\"ImageObject\",\"inLanguage\":\"tr\",\"@id\":\"https:\\\/\\\/qualitey.com\\\/tr\\\/#\\\/schema\\\/logo\\\/image\\\/\",\"url\":\"https:\\\/\\\/qualitey.com\\\/wp-content\\\/uploads\\\/logo-qualitey-2.png\",\"contentUrl\":\"https:\\\/\\\/qualitey.com\\\/wp-content\\\/uploads\\\/logo-qualitey-2.png\",\"width\":250,\"height\":80,\"caption\":\"\u0643\u0648\u0627\u0644\u064a\u062a\u064a - Quality\"},\"image\":{\"@id\":\"https:\\\/\\\/qualitey.com\\\/tr\\\/#\\\/schema\\\/logo\\\/image\\\/\"},\"sameAs\":[\"https:\\\/\\\/www.facebook.com\\\/quality.srv\",\"https:\\\/\\\/x.com\\\/quality_srv\",\"https:\\\/\\\/www.instagram.com\\\/quality.srv\\\/\",\"https:\\\/\\\/www.linkedin.com\\\/company\\\/quality.srv\",\"https:\\\/\\\/www.pinterest.ca\\\/Quality_Media\\\/\",\"https:\\\/\\\/www.youtube.com\\\/channel\\\/UCEZUVm2qSp9KyPSV8qUJbwQ\"]}]}<\/script>\n<!-- \/ Yoast SEO Premium plugin. -->","yoast_head_json":{"title":"Bize ula\u015f\u0131n - Quality","description":"Bizimle ileti\u015fim kurmaktan ve g\u00fcn\u00fcn 24 saati m\u00fc\u015fterinin . Misyonumuz size hizmet etmek ve ihtiya\u00e7lar\u0131n\u0131z\u0131 yerine getirmek i\u00e7in \u00e7al\u0131\u015fmakt\u0131r.","robots":{"index":"index","follow":"follow","max-snippet":"max-snippet:-1","max-image-preview":"max-image-preview:large","max-video-preview":"max-video-preview:-1"},"canonical":"https:\/\/qualitey.com\/tr\/bize-ulasin\/","og_locale":"tr_TR","og_type":"article","og_title":"Bize ula\u015f\u0131n","og_description":"Bizimle ileti\u015fim kurmaktan ve g\u00fcn\u00fcn 24 saati m\u00fc\u015fterinin . Misyonumuz size hizmet etmek ve ihtiya\u00e7lar\u0131n\u0131z\u0131 yerine getirmek i\u00e7in \u00e7al\u0131\u015fmakt\u0131r.","og_url":"https:\/\/qualitey.com\/tr\/bize-ulasin\/","og_site_name":"Quality","article_publisher":"https:\/\/www.facebook.com\/quality.srv","article_modified_time":"2021-04-19T11:25:07+00:00","twitter_card":"summary_large_image","twitter_site":"@quality_srv","twitter_misc":{"Tahmini okuma s\u00fcresi":"1 dakika"},"schema":{"@context":"https:\/\/schema.org","@graph":[{"@type":"WebPage","@id":"https:\/\/qualitey.com\/tr\/bize-ulasin\/","url":"https:\/\/qualitey.com\/tr\/bize-ulasin\/","name":"Bize ula\u015f\u0131n - Quality","isPartOf":{"@id":"https:\/\/qualitey.com\/tr\/#website"},"datePublished":"2019-01-30T10:53:48+00:00","dateModified":"2021-04-19T11:25:07+00:00","description":"Bizimle ileti\u015fim kurmaktan ve g\u00fcn\u00fcn 24 saati m\u00fc\u015fterinin . Misyonumuz size hizmet etmek ve ihtiya\u00e7lar\u0131n\u0131z\u0131 yerine getirmek i\u00e7in \u00e7al\u0131\u015fmakt\u0131r.","breadcrumb":{"@id":"https:\/\/qualitey.com\/tr\/bize-ulasin\/#breadcrumb"},"inLanguage":"tr","potentialAction":[{"@type":"ReadAction","target":["https:\/\/qualitey.com\/tr\/bize-ulasin\/"]}]},{"@type":"BreadcrumbList","@id":"https:\/\/qualitey.com\/tr\/bize-ulasin\/#breadcrumb","itemListElement":[{"@type":"ListItem","position":1,"name":"Home","item":"https:\/\/qualitey.com\/tr\/"},{"@type":"ListItem","position":2,"name":"Bize ula\u015f\u0131n"}]},{"@type":"WebSite","@id":"https:\/\/qualitey.com\/tr\/#website","url":"https:\/\/qualitey.com\/tr\/","name":"Quality","description":"\u0643\u0648\u0627\u0644\u064a\u062a\u064a","publisher":{"@id":"https:\/\/qualitey.com\/tr\/#organization"},"alternateName":"\u0643\u0648\u0627\u0644\u064a\u062a\u064a","potentialAction":[{"@type":"SearchAction","target":{"@type":"EntryPoint","urlTemplate":"https:\/\/qualitey.com\/tr\/?s={search_term_string}"},"query-input":{"@type":"PropertyValueSpecification","valueRequired":true,"valueName":"search_term_string"}}],"inLanguage":"tr"},{"@type":"Organization","@id":"https:\/\/qualitey.com\/tr\/#organization","name":"\u0643\u0648\u0627\u0644\u064a\u062a\u064a - Quality","alternateName":"\u0634\u0631\u0643\u0629 \u0643\u0648\u0627\u0644\u064a\u062a\u064a - Quality Media","url":"https:\/\/qualitey.com\/tr\/","logo":{"@type":"ImageObject","inLanguage":"tr","@id":"https:\/\/qualitey.com\/tr\/#\/schema\/logo\/image\/","url":"https:\/\/qualitey.com\/wp-content\/uploads\/logo-qualitey-2.png","contentUrl":"https:\/\/qualitey.com\/wp-content\/uploads\/logo-qualitey-2.png","width":250,"height":80,"caption":"\u0643\u0648\u0627\u0644\u064a\u062a\u064a - Quality"},"image":{"@id":"https:\/\/qualitey.com\/tr\/#\/schema\/logo\/image\/"},"sameAs":["https:\/\/www.facebook.com\/quality.srv","https:\/\/x.com\/quality_srv","https:\/\/www.instagram.com\/quality.srv\/","https:\/\/www.linkedin.com\/company\/quality.srv","https:\/\/www.pinterest.ca\/Quality_Media\/","https:\/\/www.youtube.com\/channel\/UCEZUVm2qSp9KyPSV8qUJbwQ"]}]}},"_links":{"self":[{"href":"https:\/\/qualitey.com\/tr\/wp-json\/wp\/v2\/pages\/19979","targetHints":{"allow":["GET"]}}],"collection":[{"href":"https:\/\/qualitey.com\/tr\/wp-json\/wp\/v2\/pages"}],"about":[{"href":"https:\/\/qualitey.com\/tr\/wp-json\/wp\/v2\/types\/page"}],"author":[{"embeddable":true,"href":"https:\/\/qualitey.com\/tr\/wp-json\/wp\/v2\/users\/1"}],"replies":[{"embeddable":true,"href":"https:\/\/qualitey.com\/tr\/wp-json\/wp\/v2\/comments?post=19979"}],"version-history":[{"count":2,"href":"https:\/\/qualitey.com\/tr\/wp-json\/wp\/v2\/pages\/19979\/revisions"}],"predecessor-version":[{"id":30160,"href":"https:\/\/qualitey.com\/tr\/wp-json\/wp\/v2\/pages\/19979\/revisions\/30160"}],"wp:attachment":[{"href":"https:\/\/qualitey.com\/tr\/wp-json\/wp\/v2\/media?parent=19979"}],"curies":[{"name":"wp","href":"https:\/\/api.w.org\/{rel}","templated":true}]}}